{"id":1479,"date":"2019-10-16T16:11:29","date_gmt":"2019-10-16T16:11:29","guid":{"rendered":"https:\/\/the7.io\/company\/?page_id=1479"},"modified":"2024-11-26T14:35:58","modified_gmt":"2024-11-26T14:35:58","slug":"about","status":"publish","type":"page","link":"https:\/\/kamsanmakina.com\/en\/about\/","title":{"rendered":"About"},"content":{"rendered":"<div data-elementor-type=\"wp-page\" data-elementor-id=\"1479\" class=\"elementor elementor-1479\" data-elementor-post-type=\"page\">\n\t\t\t\t\t\t<section class=\"elementor-section elementor-top-section elementor-element elementor-element-aae7e1b elementor-reverse-tablet elementor-reverse-mobile elementor-section-height-min-height elementor-section-boxed elementor-section-height-default elementor-section-items-middle\" data-id=\"aae7e1b\" data-element_type=\"section\" data-settings=\"{&quot;background_background&quot;:&quot;classic&quot;}\">\n\t\t\t\t\t\t\t<div class=\"elementor-background-overlay\"><\/div>\n\t\t\t\t\t\t\t<div class=\"elementor-container elementor-column-gap-wider\">\n\t\t\t\t\t<div class=\"elementor-column elementor-col-100 elementor-top-column elementor-element elementor-element-f77f67b\" data-id=\"f77f67b\" data-element_type=\"column\">\n\t\t\t<div class=\"elementor-widget-wrap elementor-element-populated\">\n\t\t\t\t\t\t<div class=\"elementor-element elementor-element-61a40ca elementor-widget elementor-widget-heading\" data-id=\"61a40ca\" data-element_type=\"widget\" data-widget_type=\"heading.default\">\n\t\t\t\t<div class=\"elementor-widget-container\">\n\t\t\t<h2 class=\"elementor-heading-title elementor-size-default\">About Us<\/h2>\t\t<\/div>\n\t\t\t\t<\/div>\n\t\t\t\t\t<\/div>\n\t\t<\/div>\n\t\t\t\t\t<\/div>\n\t\t<\/section>\n\t\t\t\t<section class=\"elementor-section elementor-top-section elementor-element elementor-element-abff651 elementor-section-boxed elementor-section-height-default elementor-section-height-default\" data-id=\"abff651\" data-element_type=\"section\" data-settings=\"{&quot;background_background&quot;:&quot;classic&quot;}\">\n\t\t\t\t\t\t<div class=\"elementor-container elementor-column-gap-wider\">\n\t\t\t\t\t<div class=\"elementor-column elementor-col-100 elementor-top-column elementor-element elementor-element-6abdf2f\" data-id=\"6abdf2f\" data-element_type=\"column\">\n\t\t\t<div class=\"elementor-widget-wrap elementor-element-populated\">\n\t\t\t\t\t\t<div class=\"elementor-element elementor-element-c122d8f elementor-widget elementor-widget-image\" data-id=\"c122d8f\" data-element_type=\"widget\" data-widget_type=\"image.default\">\n\t\t\t\t<div class=\"elementor-widget-container\">\n\t\t\t\t\t\t\t\t\t\t\t\t\t<img fetchpriority=\"high\" decoding=\"async\" width=\"768\" height=\"522\" src=\"https:\/\/kamsanmakina.com\/wp-content\/uploads\/2023\/05\/nihat-kahyaoglu-768x522.jpg\" class=\"attachment-medium_large size-medium_large wp-image-78462\" alt=\"\" srcset=\"https:\/\/kamsanmakina.com\/wp-content\/uploads\/2023\/05\/nihat-kahyaoglu-768x522.jpg 768w, https:\/\/kamsanmakina.com\/wp-content\/uploads\/2023\/05\/nihat-kahyaoglu-scaled-1200x816.jpg 1200w, https:\/\/kamsanmakina.com\/wp-content\/uploads\/2023\/05\/nihat-kahyaoglu-300x204.jpg 300w, https:\/\/kamsanmakina.com\/wp-content\/uploads\/2023\/05\/nihat-kahyaoglu-scaled-e1729237054950.jpg 1024w, https:\/\/kamsanmakina.com\/wp-content\/uploads\/2023\/05\/nihat-kahyaoglu-1536x1044.jpg 1536w, https:\/\/kamsanmakina.com\/wp-content\/uploads\/2023\/05\/nihat-kahyaoglu-2048x1393.jpg 2048w\" sizes=\"(max-width: 768px) 100vw, 768px\" \/>\t\t\t\t\t\t\t\t\t\t\t\t\t<\/div>\n\t\t\t\t<\/div>\n\t\t\t\t<div class=\"elementor-element elementor-element-01a3b6b elementor-widget elementor-widget-text-editor\" data-id=\"01a3b6b\" data-element_type=\"widget\" data-widget_type=\"text-editor.default\">\n\t\t\t\t<div class=\"elementor-widget-container\">\n\t\t\t\t\t\t\t<p>Kamsan was founded in Bursa Grand Bazaar as a lathe workshop in 1958. By the time our founder, Nihat Kahyao\u011flu passed away in 1975, it was one of the leading industrial workplaces in Bursa.<\/p><p>In the second half of the 1960s, his work with factories that made trucks, pickup trucks and tractors, pioneered the establishment of a professional automotive sub-industry in machining in Bursa. In 1970, Kamsan started to produce Revolver Lathe Machine, which was produced until 2020 and is legendary with its durability.<\/p><p>In the 90s, Kamsan added NC Automat and bar feeder types to its production range and started exporting to various countries, especially Germany.<\/p><p>Today, Kamsan continues to produce bar feeders for CNC lathes with its 66 years of experience and modern manufacturing techniques in its 3200 m\u00b2 modern factory in Demirta\u015f Industrial Zone, and contributes to the country's technology by constantly developing. Kamsan is the leading brand in its field in Turkey with its machine quality, durability, after-sales services and the confidence it gives to its customers.<\/p>\t\t\t\t\t\t<\/div>\n\t\t\t\t<\/div>\n\t\t\t\t\t<\/div>\n\t\t<\/div>\n\t\t\t\t\t<\/div>\n\t\t<\/section>\n\t\t\t\t<section class=\"elementor-section elementor-top-section elementor-element elementor-element-9dfc82a elementor-reverse-tablet elementor-reverse-mobile elementor-section-boxed elementor-section-height-default elementor-section-height-default\" data-id=\"9dfc82a\" data-element_type=\"section\" data-settings=\"{&quot;background_background&quot;:&quot;classic&quot;}\">\n\t\t\t\t\t\t<div class=\"elementor-container elementor-column-gap-no\">\n\t\t\t\t\t<div class=\"elementor-column elementor-col-100 elementor-top-column elementor-element elementor-element-44d84b9\" data-id=\"44d84b9\" data-element_type=\"column\">\n\t\t\t<div class=\"elementor-widget-wrap elementor-element-populated\">\n\t\t\t\t\t\t<div class=\"elementor-element elementor-element-c4b9cfa elementor-widget elementor-widget-image\" data-id=\"c4b9cfa\" data-element_type=\"widget\" data-widget_type=\"image.default\">\n\t\t\t\t<div class=\"elementor-widget-container\">\n\t\t\t\t\t\t\t\t\t\t\t\t\t<img decoding=\"async\" width=\"1024\" height=\"683\" src=\"https:\/\/kamsanmakina.com\/wp-content\/uploads\/2023\/05\/IMG_0710-1024x683.jpg\" class=\"attachment-large size-large wp-image-78375\" alt=\"Kamsan Fabrika\" srcset=\"https:\/\/kamsanmakina.com\/wp-content\/uploads\/2023\/05\/IMG_0710-1024x683.jpg 1024w, https:\/\/kamsanmakina.com\/wp-content\/uploads\/2023\/05\/IMG_0710-scaled-1200x800.jpg 1200w, https:\/\/kamsanmakina.com\/wp-content\/uploads\/2023\/05\/IMG_0710-300x200.jpg 300w, https:\/\/kamsanmakina.com\/wp-content\/uploads\/2023\/05\/IMG_0710-768x512.jpg 768w, https:\/\/kamsanmakina.com\/wp-content\/uploads\/2023\/05\/IMG_0710-1536x1024.jpg 1536w, https:\/\/kamsanmakina.com\/wp-content\/uploads\/2023\/05\/IMG_0710-2048x1365.jpg 2048w, https:\/\/kamsanmakina.com\/wp-content\/uploads\/2023\/05\/IMG_0710-scaled-e1729171494814.jpg 1000w\" sizes=\"(max-width: 1024px) 100vw, 1024px\" \/>\t\t\t\t\t\t\t\t\t\t\t\t\t<\/div>\n\t\t\t\t<\/div>\n\t\t\t\t\t<\/div>\n\t\t<\/div>\n\t\t\t\t\t<\/div>\n\t\t<\/section>\n\t\t\t\t<section class=\"elementor-section elementor-top-section elementor-element elementor-element-eebe5cd elementor-section-boxed elementor-section-height-default elementor-section-height-default\" data-id=\"eebe5cd\" data-element_type=\"section\" data-settings=\"{&quot;background_background&quot;:&quot;classic&quot;}\">\n\t\t\t\t\t\t<div class=\"elementor-container elementor-column-gap-default\">\n\t\t\t\t\t<div class=\"elementor-column elementor-col-100 elementor-top-column elementor-element elementor-element-b9c5457\" data-id=\"b9c5457\" data-element_type=\"column\">\n\t\t\t<div class=\"elementor-widget-wrap elementor-element-populated\">\n\t\t\t\t\t\t<div class=\"elementor-element elementor-element-07a3304 elementor-widget elementor-widget-heading\" data-id=\"07a3304\" data-element_type=\"widget\" data-widget_type=\"heading.default\">\n\t\t\t\t<div class=\"elementor-widget-container\">\n\t\t\t<h3 class=\"elementor-heading-title elementor-size-default\">Pictures from our Manufacturing<\/h3>\t\t<\/div>\n\t\t\t\t<\/div>\n\t\t\t\t<div class=\"elementor-element elementor-element-7f076fd elementor-widget elementor-widget-image-gallery\" data-id=\"7f076fd\" data-element_type=\"widget\" data-widget_type=\"image-gallery.default\">\n\t\t\t\t<div class=\"elementor-widget-container\">\n\t\t\t\t\t<div class=\"elementor-image-gallery\">\n\t\t\t\n\t\t\t<style type='text\/css'>\n\t\t\t\t#gallery-1 {\n\t\t\t\t\tmargin: auto;\n\t\t\t\t}\n\t\t\t\t#gallery-1 .gallery-item {\n\t\t\t\t\tfloat: left;\n\t\t\t\t\tmargin-top: 10px;\n\t\t\t\t\ttext-align: center;\n\t\t\t\t\twidth: 25%;\n\t\t\t\t}\n\t\t\t\t#gallery-1 img {\n\t\t\t\t\tborder: 2px solid #cfcfcf;\n\t\t\t\t}\n\t\t\t\t#gallery-1 .gallery-caption {\n\t\t\t\t\tmargin-left: 0;\n\t\t\t\t}\n\t\t\t\t\/* see gallery_shortcode() in wp-includes\/media.php *\/\n\t\t\t<\/style>\n\t\t<div id='gallery-1' class='dt-gallery-container gallery galleryid-1479 gallery-columns-4 gallery-size-medium'><dl class='gallery-item'>\n\t\t\t\t<dt class='gallery-icon landscape'>\n\t\t\t\t\t<a class=\"rollover rollover-zoom\" title=\"\"data-elementor-open-lightbox=\"no\" href='https:\/\/kamsanmakina.com\/wp-content\/uploads\/2023\/04\/insta-1-e1729238467191.png'><img decoding=\"async\" width=\"300\" height=\"200\" src=\"https:\/\/kamsanmakina.com\/wp-content\/uploads\/2023\/04\/insta-1-300x200.png\" class=\"attachment-medium size-medium\" alt=\"\" srcset=\"https:\/\/kamsanmakina.com\/wp-content\/uploads\/2023\/04\/insta-1-300x200.png 300w, https:\/\/kamsanmakina.com\/wp-content\/uploads\/2023\/04\/insta-1-1200x800.png 1200w, https:\/\/kamsanmakina.com\/wp-content\/uploads\/2023\/04\/insta-1-1024x683.png 1024w, https:\/\/kamsanmakina.com\/wp-content\/uploads\/2023\/04\/insta-1-768x512.png 768w, https:\/\/kamsanmakina.com\/wp-content\/uploads\/2023\/04\/insta-1-1536x1024.png 1536w, https:\/\/kamsanmakina.com\/wp-content\/uploads\/2023\/04\/insta-1-2048x1365.png 2048w, https:\/\/kamsanmakina.com\/wp-content\/uploads\/2023\/04\/insta-1-e1729238467191.png 1000w\" sizes=\"(max-width: 300px) 100vw, 300px\" \/><\/a>\n\t\t\t\t<\/dt><\/dl><dl class='gallery-item'>\n\t\t\t\t<dt class='gallery-icon landscape'>\n\t\t\t\t\t<a class=\"rollover rollover-zoom\" title=\"\"data-elementor-open-lightbox=\"no\" href='https:\/\/kamsanmakina.com\/wp-content\/uploads\/2023\/04\/imalat-scaled-e1729238496199.jpg'><img loading=\"lazy\" decoding=\"async\" width=\"300\" height=\"200\" src=\"https:\/\/kamsanmakina.com\/wp-content\/uploads\/2023\/04\/imalat-scaled-e1729238174825-300x200.jpg\" class=\"attachment-medium size-medium\" alt=\"\" srcset=\"https:\/\/kamsanmakina.com\/wp-content\/uploads\/2023\/04\/imalat-scaled-e1729238174825-300x200.jpg 300w, https:\/\/kamsanmakina.com\/wp-content\/uploads\/2023\/04\/imalat-scaled-e1729238174825-1024x682.jpg 1024w, https:\/\/kamsanmakina.com\/wp-content\/uploads\/2023\/04\/imalat-scaled-e1729238174825-768x512.jpg 768w, https:\/\/kamsanmakina.com\/wp-content\/uploads\/2023\/04\/imalat-scaled-e1729238174825-1536x1024.jpg 1536w, https:\/\/kamsanmakina.com\/wp-content\/uploads\/2023\/04\/imalat-scaled-e1729238174825-2048x1365.jpg 2048w, https:\/\/kamsanmakina.com\/wp-content\/uploads\/2023\/04\/imalat-scaled-e1729238174825-18x12.jpg 18w\" sizes=\"(max-width: 300px) 100vw, 300px\" \/><\/a>\n\t\t\t\t<\/dt><\/dl><dl class='gallery-item'>\n\t\t\t\t<dt class='gallery-icon landscape'>\n\t\t\t\t\t<a class=\"rollover rollover-zoom\" title=\"\"data-elementor-open-lightbox=\"no\" href='https:\/\/kamsanmakina.com\/wp-content\/uploads\/2023\/04\/montaj-e1729238508540.png'><img loading=\"lazy\" decoding=\"async\" width=\"300\" height=\"200\" src=\"https:\/\/kamsanmakina.com\/wp-content\/uploads\/2023\/04\/montaj-300x200.png\" class=\"attachment-medium size-medium\" alt=\"\" srcset=\"https:\/\/kamsanmakina.com\/wp-content\/uploads\/2023\/04\/montaj-300x200.png 300w, https:\/\/kamsanmakina.com\/wp-content\/uploads\/2023\/04\/montaj-1200x800.png 1200w, https:\/\/kamsanmakina.com\/wp-content\/uploads\/2023\/04\/montaj-1024x683.png 1024w, https:\/\/kamsanmakina.com\/wp-content\/uploads\/2023\/04\/montaj-768x512.png 768w, https:\/\/kamsanmakina.com\/wp-content\/uploads\/2023\/04\/montaj-1536x1024.png 1536w, https:\/\/kamsanmakina.com\/wp-content\/uploads\/2023\/04\/montaj-2048x1365.png 2048w, https:\/\/kamsanmakina.com\/wp-content\/uploads\/2023\/04\/montaj-e1729238508540.png 1000w\" sizes=\"(max-width: 300px) 100vw, 300px\" \/><\/a>\n\t\t\t\t<\/dt><\/dl><dl class='gallery-item'>\n\t\t\t\t<dt class='gallery-icon landscape'>\n\t\t\t\t\t<a class=\"rollover rollover-zoom\" title=\"\"data-elementor-open-lightbox=\"no\" href='https:\/\/kamsanmakina.com\/wp-content\/uploads\/2024\/11\/IMG_0801-e1730813693378.png'><img loading=\"lazy\" decoding=\"async\" width=\"300\" height=\"200\" src=\"https:\/\/kamsanmakina.com\/wp-content\/uploads\/2024\/11\/IMG_0801-300x200.png\" class=\"attachment-medium size-medium\" alt=\"\" srcset=\"https:\/\/kamsanmakina.com\/wp-content\/uploads\/2024\/11\/IMG_0801-300x200.png 300w, https:\/\/kamsanmakina.com\/wp-content\/uploads\/2024\/11\/IMG_0801-1024x683.png 1024w, https:\/\/kamsanmakina.com\/wp-content\/uploads\/2024\/11\/IMG_0801-768x512.png 768w, https:\/\/kamsanmakina.com\/wp-content\/uploads\/2024\/11\/IMG_0801-1536x1024.png 1536w, https:\/\/kamsanmakina.com\/wp-content\/uploads\/2024\/11\/IMG_0801-2048x1365.png 2048w, https:\/\/kamsanmakina.com\/wp-content\/uploads\/2024\/11\/IMG_0801-18x12.png 18w, https:\/\/kamsanmakina.com\/wp-content\/uploads\/2024\/11\/IMG_0801-e1730813693378.png 1000w\" sizes=\"(max-width: 300px) 100vw, 300px\" \/><\/a>\n\t\t\t\t<\/dt><\/dl><br style=\"clear: both\" \/>\n\t\t\t<\/div>\n\t\t<\/div>\n\t\t\t\t<\/div>\n\t\t\t\t<\/div>\n\t\t\t\t\t<\/div>\n\t\t<\/div>\n\t\t\t\t\t<\/div>\n\t\t<\/section>\n\t\t\t\t<\/div>","protected":false},"excerpt":{"rendered":"<p>Hakk\u0131m\u0131zda Kamsan 1958 y\u0131l\u0131nda Bursa Kapal\u0131\u00e7ar\u015f\u0131&#8217;da bir torna at\u00f6lyesi olarak kuruldu. Kurucumuz Nihat Kahyao\u011flu&#8217;nun 1975&#8217;teki vefat\u0131na kadar h\u0131zla geli\u015ferek Bursa&#8217;n\u0131n \u00f6nde gelen sanayi kurulu\u015flar\u0131 aras\u0131na girdi. 1960&#8217;lar\u0131n ikinci yar\u0131s\u0131nda \u00fclkemizde s\u0131n\u0131rl\u0131 say\u0131da \u00fcretim yapan kamyon, kamyonet ve trakt\u00f6r fabrikalar\u0131 ile yapt\u0131\u011f\u0131 \u00e7al\u0131\u015fmalar, Bursa&#8217;da tala\u015fl\u0131 imalat konusunda profesyonel anlamda otomotiv yan sanayinin kurulmas\u0131na \u00f6nc\u00fcl\u00fck etti. 1970&hellip;<\/p>","protected":false},"author":1,"featured_media":0,"parent":0,"menu_order":10,"comment_status":"closed","ping_status":"closed","template":"elementor_header_footer","meta":{"footnotes":""},"class_list":["post-1479","page","type-page","status-publish","hentry"],"_links":{"self":[{"href":"https:\/\/kamsanmakina.com\/en\/wp-json\/wp\/v2\/pages\/1479","targetHints":{"allow":["GET"]}}],"collection":[{"href":"https:\/\/kamsanmakina.com\/en\/wp-json\/wp\/v2\/pages"}],"about":[{"href":"https:\/\/kamsanmakina.com\/en\/wp-json\/wp\/v2\/types\/page"}],"author":[{"embeddable":true,"href":"https:\/\/kamsanmakina.com\/en\/wp-json\/wp\/v2\/users\/1"}],"replies":[{"embeddable":true,"href":"https:\/\/kamsanmakina.com\/en\/wp-json\/wp\/v2\/comments?post=1479"}],"version-history":[{"count":124,"href":"https:\/\/kamsanmakina.com\/en\/wp-json\/wp\/v2\/pages\/1479\/revisions"}],"predecessor-version":[{"id":80697,"href":"https:\/\/kamsanmakina.com\/en\/wp-json\/wp\/v2\/pages\/1479\/revisions\/80697"}],"wp:attachment":[{"href":"https:\/\/kamsanmakina.com\/en\/wp-json\/wp\/v2\/media?parent=1479"}],"curies":[{"name":"wp","href":"https:\/\/api.w.org\/{rel}","templated":true}]}}